{"id":4513,"date":"2024-03-04T08:04:42","date_gmt":"2024-03-04T07:04:42","guid":{"rendered":"https:\/\/cp-communication.de\/?page_id=4513"},"modified":"2026-05-07T15:56:37","modified_gmt":"2026-05-07T13:56:37","slug":"karriere","status":"publish","type":"page","link":"https:\/\/cp-communication.de\/de\/karriere\/","title":{"rendered":"Karriere"},"content":{"rendered":"\t\t<div data-elementor-type=\"wp-page\" data-elementor-id=\"4513\" class=\"elementor elementor-4513\" data-elementor-post-type=\"page\">\n\t\t\t\t<div class=\"elementor-element elementor-element-b8a6073 e-con-full e-flex e-con e-parent\" data-id=\"b8a6073\" data-element_type=\"container\">\n\t\t<div class=\"elementor-element elementor-element-402da92a e-con-full e-flex e-con e-child\" data-id=\"402da92a\" data-element_type=\"container\">\n\t\t\t\t<div class=\"elementor-element elementor-element-44140b09 elementor-widget elementor-widget-image\" data-id=\"44140b09\" data-element_type=\"widget\" data-widget_type=\"image.default\">\n\t\t\t\t<div class=\"elementor-widget-container\">\n\t\t\t\t\t\t\t\t\t\t\t\t\t<img fetchpriority=\"high\" decoding=\"async\" width=\"1806\" height=\"604\" src=\"https:\/\/cp-communication.de\/wp-content\/uploads\/2024\/03\/Vorlage-Header-klein-1-1.jpg\" class=\"attachment-full size-full wp-image-6386\" alt=\"Schwarz-wei\u00df-Foto einer Leuchtschrift mit dem Text DO WHAT YOU LOVE in verschn\u00f6rkelten Buchstaben.\" srcset=\"https:\/\/cp-communication.de\/wp-content\/uploads\/2024\/03\/Vorlage-Header-klein-1-1.jpg 1806w, https:\/\/cp-communication.de\/wp-content\/uploads\/2024\/03\/Vorlage-Header-klein-1-1-300x100.jpg 300w, https:\/\/cp-communication.de\/wp-content\/uploads\/2024\/03\/Vorlage-Header-klein-1-1-1024x342.jpg 1024w, https:\/\/cp-communication.de\/wp-content\/uploads\/2024\/03\/Vorlage-Header-klein-1-1-768x257.jpg 768w, https:\/\/cp-communication.de\/wp-content\/uploads\/2024\/03\/Vorlage-Header-klein-1-1-1536x514.jpg 1536w\" sizes=\"(max-width: 1806px) 100vw, 1806px\" \/>\t\t\t\t\t\t\t\t\t\t\t\t\t<\/div>\n\t\t\t\t<\/div>\n\t\t\t\t<\/div>\n\t\t<div class=\"elementor-element elementor-element-3cc9f9b5 e-con-full e-flex e-con e-child\" data-id=\"3cc9f9b5\" data-element_type=\"container\">\n\t\t\t\t<div class=\"elementor-element elementor-element-5a80565 elementor-widget elementor-widget-heading\" data-id=\"5a80565\" data-element_type=\"widget\" data-widget_type=\"heading.default\">\n\t\t\t\t<div class=\"elementor-widget-container\">\n\t\t\t<h2 class=\"elementor-heading-title elementor-size-default\">Einfach machen & kreativ kommunizieren \u2013 <i style=\"font-weight:500;\">genau Ihr Ding?<\/i> <\/h2>\t\t<\/div>\n\t\t\t\t<\/div>\n\t\t\t\t<\/div>\n\t\t\t\t<\/div>\n\t\t<div class=\"elementor-element elementor-element-864e937 e-con-full e-flex e-con e-parent\" data-id=\"864e937\" data-element_type=\"container\" data-settings=\"{&quot;background_background&quot;:&quot;classic&quot;}\">\n\t\t\t\t<div class=\"elementor-element elementor-element-5eae7905 elementor-widget elementor-widget-qi_addons_for_elementor_section_title\" data-id=\"5eae7905\" data-element_type=\"widget\" data-widget_type=\"qi_addons_for_elementor_section_title.default\">\n\t\t\t\t<div class=\"elementor-widget-container\">\n\t\t\t<div class=\"qodef-shortcode qodef-m  qodef-qi-section-title  qodef-decoration--italic  qodef-link--underline-draw qodef-subtitle-icon--left\">\n\t\t\t\t\t\t\t\t<div class=\"qodef-m-text\">Ihre Leidenschaft ist Kommunikation? Und Sie haben bereits Erfahrung in Content, Design, UX, Digital Campaigning, Projektmanagement oder weiteren Bereichen der Kommunikation gesammelt? Oder m\u00f6chten Sie Ihre Talente in einem kreativen und begeisterten Team weiterbilden? Dann laden wir Sie gerne auf ein Gespr\u00e4ch in unsere Agentur. Wir sind immer auf der Suche nach neuen Kommunikationsexperten und freuen uns auf Ihre Initiativbewerbung.\n<br>\n<br>\n<a class=\"text_italic\" style=\"color: #f5faf5\" href=\"mailto:jobs@cp-communication.de\">Einfach Initiativbewerbung schicken.<\/a><\/div>\n\t<\/div>\n\t\t<\/div>\n\t\t\t\t<\/div>\n\t\t\t\t<\/div>\n\t\t<div class=\"elementor-element elementor-element-00c4589 e-con-full e-flex e-con e-parent\" data-id=\"00c4589\" data-element_type=\"container\" data-settings=\"{&quot;background_background&quot;:&quot;classic&quot;}\">\n\t\t<div class=\"elementor-element elementor-element-20bd0983 e-flex e-con-boxed e-con e-child\" data-id=\"20bd0983\" data-element_type=\"container\">\n\t\t\t\t\t<div class=\"e-con-inner\">\n\t\t<div class=\"elementor-element elementor-element-35e488d4 e-flex e-con-boxed e-con e-child\" data-id=\"35e488d4\" data-element_type=\"container\">\n\t\t\t\t\t<div class=\"e-con-inner\">\n\t\t\t\t<div class=\"elementor-element elementor-element-142b6a58 elementor-widget elementor-widget-image\" data-id=\"142b6a58\" data-element_type=\"widget\" data-widget_type=\"image.default\">\n\t\t\t\t<div class=\"elementor-widget-container\">\n\t\t\t\t\t\t\t\t\t\t\t\t\t<img decoding=\"async\" width=\"1806\" height=\"604\" src=\"https:\/\/cp-communication.de\/wp-content\/uploads\/2024\/03\/Vorlage-Header-klein-2-1.jpg\" class=\"attachment-full size-full wp-image-6802\" alt=\"Modern eingerichteter B\u00fcroraum mit gro\u00dfen Fenstern, Pflanzen und mehreren Personen, die an Computern arbeiten und sich unterhalten.\" srcset=\"https:\/\/cp-communication.de\/wp-content\/uploads\/2024\/03\/Vorlage-Header-klein-2-1.jpg 1806w, https:\/\/cp-communication.de\/wp-content\/uploads\/2024\/03\/Vorlage-Header-klein-2-1-300x100.jpg 300w, https:\/\/cp-communication.de\/wp-content\/uploads\/2024\/03\/Vorlage-Header-klein-2-1-1024x342.jpg 1024w, https:\/\/cp-communication.de\/wp-content\/uploads\/2024\/03\/Vorlage-Header-klein-2-1-768x257.jpg 768w, https:\/\/cp-communication.de\/wp-content\/uploads\/2024\/03\/Vorlage-Header-klein-2-1-1536x514.jpg 1536w\" sizes=\"(max-width: 1806px) 100vw, 1806px\" \/>\t\t\t\t\t\t\t\t\t\t\t\t\t<\/div>\n\t\t\t\t<\/div>\n\t\t\t\t<div class=\"elementor-element elementor-element-45998bc5 elementor-widget elementor-widget-qi_addons_for_elementor_section_title\" data-id=\"45998bc5\" data-element_type=\"widget\" data-widget_type=\"qi_addons_for_elementor_section_title.default\">\n\t\t\t\t<div class=\"elementor-widget-container\">\n\t\t\t<div class=\"qodef-shortcode qodef-m  qodef-qi-section-title  qodef-decoration--italic  qodef-link--underline-draw qodef-subtitle-icon--left\">\n\t\t\t\t\t\t<p class=\"qodef-m-title\">\n\t\tTEXTER \/ CONCEPT COPYWRITER (M\/W\/D)\t<\/p>\n\t\t\t<div class=\"qodef-m-text\"><p>Du findest starke Ideen, bringst komplexe Themen auf den Punkt und wei\u00dft, wann ein Text informieren, bewegen oder aktivieren muss? Dann passt Du gut zu uns. Bei uns entwickelst Du Konzepte, Kampagnen und Inhalte f\u00fcr Kunden vom etablierten Marktf\u00fchrer bis zum mutigen Mittelstand. Du schreibst f\u00fcr Magazine, digitale Kan\u00e4le, Events, Pitches und Markenauftritte \u2013 und bist Teil eines Teams, das gute Ideen, kluge Gedanken und erstklassigen Content liebt.<\/p><p><a class=\"text_italic\" style=\"color: #18151b\" href=\"https:\/\/cp-communication.de\/texter-concept-copywriter-m-w-d\/\">Weiter Lesen<\/a><\/p><\/div>\n\t<\/div>\n\t\t<\/div>\n\t\t\t\t<\/div>\n\t\t\t\t\t<\/div>\n\t\t\t\t<\/div>\n\t\t<div class=\"elementor-element elementor-element-5fc135c9 e-flex e-con-boxed e-con e-child\" data-id=\"5fc135c9\" data-element_type=\"container\">\n\t\t\t\t\t<div class=\"e-con-inner\">\n\t\t\t\t<div class=\"elementor-element elementor-element-1ccd0896 elementor-widget elementor-widget-image\" data-id=\"1ccd0896\" data-element_type=\"widget\" data-widget_type=\"image.default\">\n\t\t\t\t<div class=\"elementor-widget-container\">\n\t\t\t\t\t\t\t\t\t\t\t\t\t<img decoding=\"async\" width=\"1194\" height=\"660\" src=\"https:\/\/cp-communication.de\/wp-content\/uploads\/2024\/03\/Vorlage-Cases-zeppelin-rental-recruiting.jpg\" class=\"attachment-full size-full wp-image-6035\" alt=\"Hand h\u00e4lt ein Smartphone mit einer Webseite zur Stellenanzeige f\u00fcr Baustellen-Elektriker, neben einem aufgeklappten Laptop mit einem Bild von Bauarbeitern in gelber und roter Arbeitskleidung auf dem Bildschirm.\" srcset=\"https:\/\/cp-communication.de\/wp-content\/uploads\/2024\/03\/Vorlage-Cases-zeppelin-rental-recruiting.jpg 1194w, https:\/\/cp-communication.de\/wp-content\/uploads\/2024\/03\/Vorlage-Cases-zeppelin-rental-recruiting-300x166.jpg 300w, https:\/\/cp-communication.de\/wp-content\/uploads\/2024\/03\/Vorlage-Cases-zeppelin-rental-recruiting-1024x566.jpg 1024w, https:\/\/cp-communication.de\/wp-content\/uploads\/2024\/03\/Vorlage-Cases-zeppelin-rental-recruiting-768x425.jpg 768w\" sizes=\"(max-width: 1194px) 100vw, 1194px\" \/>\t\t\t\t\t\t\t\t\t\t\t\t\t<\/div>\n\t\t\t\t<\/div>\n\t\t\t\t<div class=\"elementor-element elementor-element-3b4cdf4a elementor-widget elementor-widget-qi_addons_for_elementor_section_title\" data-id=\"3b4cdf4a\" data-element_type=\"widget\" data-widget_type=\"qi_addons_for_elementor_section_title.default\">\n\t\t\t\t<div class=\"elementor-widget-container\">\n\t\t\t<div class=\"qodef-shortcode qodef-m  qodef-qi-section-title  qodef-decoration--italic  qodef-link--underline-draw qodef-subtitle-icon--left\">\n\t\t\t\t\t\t<p class=\"qodef-m-title\">\n\t\tART DIRECTOR (M\/W\/D) \t<\/p>\n\t\t\t<div class=\"qodef-m-text\"><p>Kreativ und kundenorientiert. Verl\u00e4sslich und gestalterisch sicher. Genau das suchen wir. Was Dich bei uns erwartet? Anspruchsvolle Projekte f\u00fcr Konzernkunden und Mittelst\u00e4ndler, hochwertige Magazinproduktionen, Corporate Publishing und ganzheitliche Kampagnen \u2013 und ein starkes, kreatives Team, das Hand in Hand arbeitet. Bei uns bist Du nicht \u201eeine:r von vielen\u201c. Auf jeden Einzelnen kommt es an.<\/p><p><a class=\"text_italic\" style=\"color: #18151b\" href=\"https:\/\/cp-communication.de\/de\/art-director-m-w-d\/\">Weiter Lesen<\/a><\/p><\/div>\n\t<\/div>\n\t\t<\/div>\n\t\t\t\t<\/div>\n\t\t\t\t\t<\/div>\n\t\t\t\t<\/div>\n\t\t\t\t\t<\/div>\n\t\t\t\t<\/div>\n\t\t<div class=\"elementor-element elementor-element-1a96e94 e-flex e-con-boxed e-con e-child\" data-id=\"1a96e94\" data-element_type=\"container\">\n\t\t\t\t\t<div class=\"e-con-inner\">\n\t\t<div class=\"elementor-element elementor-element-2810711 e-flex e-con-boxed e-con e-child\" data-id=\"2810711\" data-element_type=\"container\">\n\t\t\t\t\t<div class=\"e-con-inner\">\n\t\t\t\t<div class=\"elementor-element elementor-element-8605f16 elementor-widget elementor-widget-image\" data-id=\"8605f16\" data-element_type=\"widget\" data-widget_type=\"image.default\">\n\t\t\t\t<div class=\"elementor-widget-container\">\n\t\t\t\t\t\t\t\t\t\t\t\t\t<img loading=\"lazy\" decoding=\"async\" width=\"641\" height=\"360\" src=\"https:\/\/cp-communication.de\/wp-content\/uploads\/2026\/05\/360_F_1642590033_PjdjuLOBPmDcLmvPaLbQPK3zRl3b4N4q.jpg\" class=\"attachment-full size-full wp-image-7791\" alt=\"\" srcset=\"https:\/\/cp-communication.de\/wp-content\/uploads\/2026\/05\/360_F_1642590033_PjdjuLOBPmDcLmvPaLbQPK3zRl3b4N4q.jpg 641w, https:\/\/cp-communication.de\/wp-content\/uploads\/2026\/05\/360_F_1642590033_PjdjuLOBPmDcLmvPaLbQPK3zRl3b4N4q-300x168.jpg 300w, https:\/\/cp-communication.de\/wp-content\/uploads\/2026\/05\/360_F_1642590033_PjdjuLOBPmDcLmvPaLbQPK3zRl3b4N4q-18x10.jpg 18w\" sizes=\"(max-width: 641px) 100vw, 641px\" \/>\t\t\t\t\t\t\t\t\t\t\t\t\t<\/div>\n\t\t\t\t<\/div>\n\t\t\t\t<div class=\"elementor-element elementor-element-fa2790a elementor-widget elementor-widget-qi_addons_for_elementor_section_title\" data-id=\"fa2790a\" data-element_type=\"widget\" data-widget_type=\"qi_addons_for_elementor_section_title.default\">\n\t\t\t\t<div class=\"elementor-widget-container\">\n\t\t\t<div class=\"qodef-shortcode qodef-m  qodef-qi-section-title  qodef-decoration--italic  qodef-link--underline-draw qodef-subtitle-icon--left\">\n\t\t\t\t\t\t<p class=\"qodef-m-title\">\n\t\tPROJEKTMANAGER (M\/W\/D)\t<\/p>\n\t\t\t<div class=\"qodef-m-text\"><p>Du hast den \u00dcberblick, auch wenn viele Dinge gleichzeitig laufen? Du denkst mit, kommunizierst klar und sorgst daf\u00fcr, dass aus guten Ideen erfolgreiche Projekte werden? Dann passt Du gut zu uns. Bei uns \u00fcbernimmst Du eine zentrale Rolle in vielseitigen Kommunikationsprojekten \u2013 von hochwertigen Magazinproduktionen \u00fcber Social-Media-Kampagnen und Podcasts bis hin zu Events. Du arbeitest f\u00fcr Kunden vom etablierten Konzern bis hin zum Mittelstand und bist Teil eines Teams, das Hand in Hand arbeitet.<\/p><p><a class=\"text_italic\" style=\"color: #18151b\" href=\"https:\/\/cp-communication.de\/de\/projektmanager-m-w-d\/\">Weiter Lesen<\/a><\/p><\/div>\n\t<\/div>\n\t\t<\/div>\n\t\t\t\t<\/div>\n\t\t\t\t\t<\/div>\n\t\t\t\t<\/div>\n\t\t<div class=\"elementor-element elementor-element-9bff61c e-flex e-con-boxed e-con e-child\" data-id=\"9bff61c\" data-element_type=\"container\">\n\t\t\t\t\t<div class=\"e-con-inner\">\n\t\t\t\t\t<\/div>\n\t\t\t\t<\/div>\n\t\t\t\t\t<\/div>\n\t\t\t\t<\/div>\n\t\t\t\t<\/div>\n\t\t\t\t<\/div>\n\t\t","protected":false},"excerpt":{"rendered":"<p>Einfach machen &#038; kreativ kommunizieren \u2013 genau Ihr Ding? Ihre Leidenschaft ist Kommunikation? Und Sie haben bereits Erfahrung in Content, Design, UX, Digital Campaigning, Projektmanagement oder weiteren Bereichen der Kommunikation gesammelt? Oder m\u00f6chten Sie Ihre Talente in einem kreativen und&hellip; <a class=\"continue\" href=\"https:\/\/cp-communication.de\/de\/karriere\/\">Continue Reading<span> Karriere<\/span><\/a><\/p>\n","protected":false},"author":5,"featured_media":0,"parent":0,"menu_order":0,"comment_status":"closed","ping_status":"closed","template":"full-width.php","meta":{"rank_math_lock_modified_date":false,"footnotes":""},"class_list":["post-4513","page","type-page","status-publish","hentry"],"_links":{"self":[{"href":"https:\/\/cp-communication.de\/de\/wp-json\/wp\/v2\/pages\/4513","targetHints":{"allow":["GET"]}}],"collection":[{"href":"https:\/\/cp-communication.de\/de\/wp-json\/wp\/v2\/pages"}],"about":[{"href":"https:\/\/cp-communication.de\/de\/wp-json\/wp\/v2\/types\/page"}],"author":[{"embeddable":true,"href":"https:\/\/cp-communication.de\/de\/wp-json\/wp\/v2\/users\/5"}],"replies":[{"embeddable":true,"href":"https:\/\/cp-communication.de\/de\/wp-json\/wp\/v2\/comments?post=4513"}],"version-history":[{"count":6,"href":"https:\/\/cp-communication.de\/de\/wp-json\/wp\/v2\/pages\/4513\/revisions"}],"predecessor-version":[{"id":7794,"href":"https:\/\/cp-communication.de\/de\/wp-json\/wp\/v2\/pages\/4513\/revisions\/7794"}],"wp:attachment":[{"href":"https:\/\/cp-communication.de\/de\/wp-json\/wp\/v2\/media?parent=4513"}],"curies":[{"name":"wp","href":"https:\/\/api.w.org\/{rel}","templated":true}]}}