{"id":6601,"date":"2024-03-28T00:32:21","date_gmt":"2024-03-27T23:32:21","guid":{"rendered":"https:\/\/cp-communication.de\/?page_id=6601"},"modified":"2024-06-11T14:42:52","modified_gmt":"2024-06-11T12:42:52","slug":"event","status":"publish","type":"page","link":"https:\/\/cp-communication.de\/de\/event\/","title":{"rendered":"Event"},"content":{"rendered":"\t\t<div data-elementor-type=\"wp-page\" data-elementor-id=\"6601\" class=\"elementor elementor-6601\" data-elementor-post-type=\"page\">\n\t\t\t\t<div class=\"elementor-element elementor-element-8c51452 e-con-full e-flex e-con e-parent\" data-id=\"8c51452\" data-element_type=\"container\">\n\t\t<div class=\"elementor-element elementor-element-5d0d67f6 e-con-full elementor-hidden-mobile e-flex e-con e-child\" data-id=\"5d0d67f6\" data-element_type=\"container\">\n\t\t\t\t<div class=\"elementor-element elementor-element-5a824bb4 elementor-widget elementor-widget-image\" data-id=\"5a824bb4\" data-element_type=\"widget\" data-widget_type=\"image.default\">\n\t\t\t\t<div class=\"elementor-widget-container\">\n\t\t\t\t\t\t\t\t\t\t\t\t\t<img fetchpriority=\"high\" decoding=\"async\" width=\"1806\" height=\"604\" src=\"https:\/\/cp-communication.de\/wp-content\/uploads\/2024\/03\/Vorlage-Header-klein-Event.jpg\" class=\"attachment-full size-full wp-image-6750\" alt=\"Symbol eines Kalenders neben dem Text \u201eWir begeistern mit ...\u201c vor einem unscharfen, mehrfarbigen Hintergrund\" srcset=\"https:\/\/cp-communication.de\/wp-content\/uploads\/2024\/03\/Vorlage-Header-klein-Event.jpg 1806w, https:\/\/cp-communication.de\/wp-content\/uploads\/2024\/03\/Vorlage-Header-klein-Event-300x100.jpg 300w, https:\/\/cp-communication.de\/wp-content\/uploads\/2024\/03\/Vorlage-Header-klein-Event-1024x342.jpg 1024w, https:\/\/cp-communication.de\/wp-content\/uploads\/2024\/03\/Vorlage-Header-klein-Event-768x257.jpg 768w, https:\/\/cp-communication.de\/wp-content\/uploads\/2024\/03\/Vorlage-Header-klein-Event-1536x514.jpg 1536w\" sizes=\"(max-width: 1806px) 100vw, 1806px\" \/>\t\t\t\t\t\t\t\t\t\t\t\t\t<\/div>\n\t\t\t\t<\/div>\n\t\t\t\t<\/div>\n\t\t<div class=\"elementor-element elementor-element-916ea73 e-con-full elementor-hidden-desktop elementor-hidden-tablet elementor-hidden-laptop e-flex e-con e-child\" data-id=\"916ea73\" data-element_type=\"container\">\n\t\t\t\t<div class=\"elementor-element elementor-element-da6e7f8 elementor-widget elementor-widget-image\" data-id=\"da6e7f8\" data-element_type=\"widget\" data-widget_type=\"image.default\">\n\t\t\t\t<div class=\"elementor-widget-container\">\n\t\t\t\t\t\t\t\t\t\t\t\t\t<img decoding=\"async\" width=\"276\" height=\"158\" src=\"https:\/\/cp-communication.de\/wp-content\/uploads\/2024\/03\/Mobil-Vorlage-Header-klein-Event-1.jpg\" class=\"attachment-full size-full wp-image-6751\" alt=\"Symbol eines Kalenders vor unscharfem, mehrfarbigem Hintergrund\" \/>\t\t\t\t\t\t\t\t\t\t\t\t\t<\/div>\n\t\t\t\t<\/div>\n\t\t\t\t<\/div>\n\t\t<div class=\"elementor-element elementor-element-e799ac3 e-con-full e-flex e-con e-child\" data-id=\"e799ac3\" data-element_type=\"container\">\n\t\t\t\t<div class=\"elementor-element elementor-element-53c26a46 elementor-widget elementor-widget-heading\" data-id=\"53c26a46\" data-element_type=\"widget\" data-widget_type=\"heading.default\">\n\t\t\t\t<div class=\"elementor-widget-container\">\n\t\t\t<h2 class=\"elementor-heading-title elementor-size-default\">EVENT<\/h2>\t\t<\/div>\n\t\t\t\t<\/div>\n\t\t\t\t<\/div>\n\t\t\t\t<\/div>\n\t\t<div class=\"elementor-element elementor-element-5097c84 e-con-full e-flex e-con e-parent\" data-id=\"5097c84\" data-element_type=\"container\" data-settings=\"{&quot;background_background&quot;:&quot;classic&quot;}\">\n\t\t\t\t<div class=\"elementor-element elementor-element-47d46d9 elementor-widget elementor-widget-heading\" data-id=\"47d46d9\" data-element_type=\"widget\" data-widget_type=\"heading.default\">\n\t\t\t\t<div class=\"elementor-widget-container\">\n\t\t\t<h2 class=\"elementor-heading-title elementor-size-default\">Veranstaltungen, <i style=\"font-weight:500;\">die begeistern<\/i><\/h2>\t\t<\/div>\n\t\t\t\t<\/div>\n\t\t<div class=\"elementor-element elementor-element-6fc36dde e-con-full e-flex e-con e-child\" data-id=\"6fc36dde\" data-element_type=\"container\" data-settings=\"{&quot;background_background&quot;:&quot;classic&quot;}\">\n\t\t<div class=\"elementor-element elementor-element-70578fd8 e-con-full e-flex e-con e-child\" data-id=\"70578fd8\" data-element_type=\"container\">\n\t\t\t\t<div class=\"elementor-element elementor-element-a9d4175 elementor-widget elementor-widget-qi_addons_for_elementor_section_title\" data-id=\"a9d4175\" data-element_type=\"widget\" data-widget_type=\"qi_addons_for_elementor_section_title.default\">\n\t\t\t\t<div class=\"elementor-widget-container\">\n\t\t\t<div class=\"qodef-shortcode qodef-m  qodef-qi-section-title  qodef-decoration--italic  qodef-link--underline-draw qodef-subtitle-icon--left\">\n\t\t\t\t\t\t<p class=\"qodef-m-title\">\n\t\tFull-Service f\u00fcr Ihre Events\t<\/p>\n\t\t\t<\/div>\n\t\t<\/div>\n\t\t\t\t<\/div>\n\t\t\t\t<div class=\"elementor-element elementor-element-25e13cd elementor-widget elementor-widget-qi_addons_for_elementor_section_title\" data-id=\"25e13cd\" data-element_type=\"widget\" data-widget_type=\"qi_addons_for_elementor_section_title.default\">\n\t\t\t\t<div class=\"elementor-widget-container\">\n\t\t\t<div class=\"qodef-shortcode qodef-m  qodef-qi-section-title  qodef-decoration--italic  qodef-link--underline-draw qodef-subtitle-icon--left\">\n\t\t\t\t\t\t\t\t<div class=\"qodef-m-text\"><p>Professionelle Unterst\u00fctzung beim Kick-off, passende Speaker f\u00fcrs Panel oder ein durchdachtes Gesamtkonzept gesucht? Was auch immer Ihr Event zum Erfolg braucht, wir machen\u2019s m\u00f6glich: f\u00fcr PoS-\/Promotions, Konferenzen, Galaveranstaltungen, Jahresauftaktveranstaltungen, Mitarbeiterevents u.v.m.<\/p><ul><li>Eventkonzept, Detailplanung und komplette Umsetzung inklusive aller Kommunikationsmittel von multimedialer Intro-Show bis zum klassischen Programmheft<\/li><li>Koordination Logistik und Dienstleiter<\/li><li>Programmplanung, Recherche Speaker, Location und K\u00fcnstler:innen.<\/li><\/ul><\/div>\n\t<\/div>\n\t\t<\/div>\n\t\t\t\t<\/div>\n\t\t\t\t<\/div>\n\t\t<div class=\"elementor-element elementor-element-238fdf9 e-con-full e-flex e-con e-child\" data-id=\"238fdf9\" data-element_type=\"container\">\n\t\t\t\t<div class=\"elementor-element elementor-element-e976324 elementor-widget elementor-widget-qi_addons_for_elementor_section_title\" data-id=\"e976324\" data-element_type=\"widget\" data-widget_type=\"qi_addons_for_elementor_section_title.default\">\n\t\t\t\t<div class=\"elementor-widget-container\">\n\t\t\t<div class=\"qodef-shortcode qodef-m  qodef-qi-section-title  qodef-decoration--italic  qodef-link--underline-draw qodef-subtitle-icon--left\">\n\t\t\t\t\t\t<p class=\"qodef-m-title\">\n\t\tEvents sind unsere Leidenschaft.\t<\/p>\n\t\t\t<\/div>\n\t\t<\/div>\n\t\t\t\t<\/div>\n\t\t\t\t<div class=\"elementor-element elementor-element-23a7abd elementor-widget elementor-widget-qi_addons_for_elementor_section_title\" data-id=\"23a7abd\" data-element_type=\"widget\" data-widget_type=\"qi_addons_for_elementor_section_title.default\">\n\t\t\t\t<div class=\"elementor-widget-container\">\n\t\t\t<div class=\"qodef-shortcode qodef-m  qodef-qi-section-title  qodef-decoration--italic  qodef-link--underline-draw qodef-subtitle-icon--left\">\n\t\t\t\t\t\t\t\t<div class=\"qodef-m-text\"><p>Strahlende Gesichter, maximale Wirkung und Augenblicke, die G\u00e4nsehaut erzeugen. F\u00fcr derartige Live-Kommunikation stehen wir. Momente werden zu nachhaltigen Eindr\u00fccken: f\u00fcr Sie und Ihre G\u00e4ste.<\/p><\/div>\n\t<\/div>\n\t\t<\/div>\n\t\t\t\t<\/div>\n\t\t\t\t<\/div>\n\t\t\t\t<\/div>\n\t\t\t\t<\/div>\n\t\t<div class=\"elementor-element elementor-element-063bbd1 e-con-full e-flex e-con e-parent\" data-id=\"063bbd1\" data-element_type=\"container\" data-settings=\"{&quot;background_background&quot;:&quot;classic&quot;}\">\n\t\t\t\t<div class=\"elementor-element elementor-element-52d3f594 elementor-widget elementor-widget-heading\" data-id=\"52d3f594\" data-element_type=\"widget\" data-widget_type=\"heading.default\">\n\t\t\t\t<div class=\"elementor-widget-container\">\n\t\t\t<h2 class=\"elementor-heading-title elementor-size-default\"><i style=\"font-weight:500;\">Genau der Event-Support, <\/i> den Sie brauchen<\/h2>\t\t<\/div>\n\t\t\t\t<\/div>\n\t\t\t\t<\/div>\n\t\t<div class=\"elementor-element elementor-element-545109e e-con-full cases-slider-section e-flex e-con e-parent\" data-id=\"545109e\" data-element_type=\"container\" data-settings=\"{&quot;background_background&quot;:&quot;classic&quot;}\">\n\t\t\t\t<div class=\"elementor-element elementor-element-3289305a projekte-slider-main button-invertiert elementor-widget elementor-widget-edgtf_portfolio_slider\" data-id=\"3289305a\" data-element_type=\"widget\" data-widget_type=\"edgtf_portfolio_slider.default\">\n\t\t\t\t<div class=\"elementor-widget-container\">\n\t\t\t<div class=\"edgtf-portfolio-slider-holder edgtf-pfs-fullscreen\"><div class=\"edgtf-portfolio-list-holder edgtf-grid-list edgtf-pl-gallery edgtf-one-columns edgtf-normal-space edgtf-disable-bottom-space edgtf-pl-standard-shader    edgtf-pl-pag-no-pagination        \"  data-type=gallery data-number-of-columns=one data-space-between-items=normal data-number-of-items=-1 data-image-proportions=full data-enable-fixed-proportions=no data-enable-image-shadow=no data-category=event data-orderby=date data-order=ASC data-item-style=standard-shader data-inverted=no data-content-top-margin=60 data-content-bottom-margin=50px data-enable-title=yes data-title-tag=h6 data-title-text-transform=none data-enable-category=yes data-enable-excerpt=yes data-excerpt-length=20000 data-pagination-type=no-pagination data-filter=no data-filter-order-by=name data-enable-article-animation=no data-enable-parallax-scrolling=no data-portfolio-slider-on=yes data-enable-loop=no data-enable-autoplay=no data-enable-scroll=no data-slider-speed=5000 data-slider-speed-animation=600 data-enable-navigation=yes data-enable-pagination=no data-enable-more-link=no data-more-link-text=Seemore data-break-more-link=yes data-next-page=2>\n\t\t<div class=\"edgtf-pl-inner edgtf-outer-space edgtf-owl-slider edgtf-list-is-slider clearfix\">\n\t\t\n    <div class=\"edgtf-pl-item-inner \">\n\t\t\n<div class=\"edgtf-pli-image\">\n\t<img decoding=\"async\" width=\"1194\" height=\"660\" src=\"https:\/\/cp-communication.de\/wp-content\/uploads\/2024\/03\/Vorlage-Cases-set-kongress.jpg\" class=\"attachment-full size-full wp-post-image\" alt=\"Ein Mann in schwarzer Kochkleidung und M\u00fctze spritzt mit einer Flasche Creme auf eine runde Kochfl\u00e4che, mit unscharfem Vordergrund zweier Personen, daneben mehrere eingeblendete Grafiken mit Texten zu einem Symposium in M\u00fcnchen und einem Gala-Dinner-Men\u00fc.\" srcset=\"https:\/\/cp-communication.de\/wp-content\/uploads\/2024\/03\/Vorlage-Cases-set-kongress.jpg 1194w, https:\/\/cp-communication.de\/wp-content\/uploads\/2024\/03\/Vorlage-Cases-set-kongress-300x166.jpg 300w, https:\/\/cp-communication.de\/wp-content\/uploads\/2024\/03\/Vorlage-Cases-set-kongress-1024x566.jpg 1024w, https:\/\/cp-communication.de\/wp-content\/uploads\/2024\/03\/Vorlage-Cases-set-kongress-768x425.jpg 768w\" sizes=\"(max-width: 1194px) 100vw, 1194px\" \/>            <a itemprop=\"url\" class=\"edgtf-pli-link edgtf-block-drag-link\" href=\"https:\/\/cp-communication.de\/de\/portfolio-item\/symposium-kongress\/\" target=\"_self\"><\/a>\n    <\/div>\n<div class=\"edgtf-pli-text-holder\" style=\"margin-top: 60px;margin-bottom: 50px\">\n\t<div class=\"edgtf-pli-text-wrapper\">\n\t\t<div class=\"edgtf-pli-text\">\n\t\t\t    <h6 itemprop=\"name\" class=\"edgtf-pli-title entry-title\" style=\"text-transform: none\">\n        <a itemprop=\"url\" href=\"https:\/\/cp-communication.de\/de\/portfolio-item\/symposium-kongress\/\" target=\"_self\">\n            Symposium: Kongress        <\/a>\n\t<\/h6>\n\n\n\t\t\t\t\t<div class=\"edgtf-pli-category-holder\">\n\t\t\t\t\t\t\t<a itemprop=\"url\" class=\"edgtf-pli-category\" href=\"https:\/\/cp-communication.de\/de\/portfolio-category\/event\/\">Event<\/a>\n\t\t\t\t\t<\/div>\n\t\n\t\t\t\n\t\t\t\t<p itemprop=\"description\" class=\"edgtf-pli-excerpt\">&lt;ul&gt;\r\n    &lt;li&gt;Dialogplattform f\u00fcr operative Entscheider:innen der Foodbranche zur gemeinsamen Zukunftsgestaltung von Industrie und Handel&lt;\/li&gt;\r\n    &lt;li&gt;3-teilige Eventstruktur: Marktplatz, Fachtagung, Galaabend&lt;\/li&gt;\r\n    &lt;li&gt;1.000 Teilnehmer&lt;\/li&gt;\r\n&lt;\/ul&gt;\r\n&lt;b&gt;Unsere Leistungen:&lt;\/b&gt;\r\n&lt;p&gt;Konzeption und Planung von Veranstaltungsstruktur und Programm, operative Umsetzung, Koordination vor Ort, Abwicklung, Kommunikation diverse Touchpoints und Kan\u00e4le, Erstellung s\u00e4mtlicher Kommunikationsmittel&lt;\/p&gt;\r\n &lt;a class=&quot;continue&quot; href=&quot;https:\/\/cp-communication.de\/de\/portfolio-item\/symposium-kongress\/&quot;&gt;Continue Reading&lt;span&gt; Symposium: Kongress&lt;\/span&gt;&lt;\/a&gt;<\/p>\n\t\t<\/div>\n\t<\/div>\n<\/div>    <\/div>\n\n\n    <div class=\"edgtf-pl-item-inner \">\n\t\t\n<div class=\"edgtf-pli-image\">\n\t<img loading=\"lazy\" decoding=\"async\" width=\"1194\" height=\"660\" src=\"https:\/\/cp-communication.de\/wp-content\/uploads\/2024\/03\/Vorlage-Cases-messemuenchen-wertekampagne.jpg\" class=\"attachment-full size-full wp-post-image\" alt=\"Nahaufnahme einer Person, die an einem Laptop arbeitet, auf dessen Bildschirm eine Webseite mit dem Text &quot;WERTE IM ALLTAG BRAUCHEN DOCH NUR DIE ANDEREN&quot; und dem Logo der Messe M\u00fcnchen zu sehen ist.\" srcset=\"https:\/\/cp-communication.de\/wp-content\/uploads\/2024\/03\/Vorlage-Cases-messemuenchen-wertekampagne.jpg 1194w, https:\/\/cp-communication.de\/wp-content\/uploads\/2024\/03\/Vorlage-Cases-messemuenchen-wertekampagne-300x166.jpg 300w, https:\/\/cp-communication.de\/wp-content\/uploads\/2024\/03\/Vorlage-Cases-messemuenchen-wertekampagne-1024x566.jpg 1024w, https:\/\/cp-communication.de\/wp-content\/uploads\/2024\/03\/Vorlage-Cases-messemuenchen-wertekampagne-768x425.jpg 768w\" sizes=\"(max-width: 1194px) 100vw, 1194px\" \/>            <a itemprop=\"url\" class=\"edgtf-pli-link edgtf-block-drag-link\" href=\"https:\/\/cp-communication.de\/de\/portfolio-item\/messe-munchen-wertekampagne\/\" target=\"_self\"><\/a>\n    <\/div>\n<div class=\"edgtf-pli-text-holder\" style=\"margin-top: 60px;margin-bottom: 50px\">\n\t<div class=\"edgtf-pli-text-wrapper\">\n\t\t<div class=\"edgtf-pli-text\">\n\t\t\t    <h6 itemprop=\"name\" class=\"edgtf-pli-title entry-title\" style=\"text-transform: none\">\n        <a itemprop=\"url\" href=\"https:\/\/cp-communication.de\/de\/portfolio-item\/messe-munchen-wertekampagne\/\" target=\"_self\">\n            Messe M\u00fcnchen: Wertekampagne        <\/a>\n\t<\/h6>\n\n\n\t\t\t\t\t<div class=\"edgtf-pli-category-holder\">\n\t\t\t\t\t\t\t<a itemprop=\"url\" class=\"edgtf-pli-category\" href=\"https:\/\/cp-communication.de\/de\/portfolio-category\/event\/\">Event<\/a>\n\t\t\t\t\t<\/div>\n\t\n\t\t\t\n\t\t\t\t<p itemprop=\"description\" class=\"edgtf-pli-excerpt\">&lt;ul&gt;\r\n    &lt;li&gt;5-monatige Multichannel-Kommunikation&lt;\/li&gt;\r\n    &lt;li&gt;Emotionalisierendes Event f\u00fcr Mitarbeiter:innen&lt;\/li&gt;\r\n    &lt;li&gt;Erlebnisstationen plus Workshops&lt;\/li&gt;\r\n    &lt;li&gt;600 Teilnehmer&lt;\/li&gt;\r\n&lt;\/ul&gt;\r\n&lt;b&gt;Unsere Leistungen:&lt;\/b&gt;\r\n&lt;p&gt;Inhaltliche Konzeption, crossmediale Kommunikation, Eventplanung und -logistik, Vor-Ort-Betreuung und Koordination&lt;\/p&gt;\r\n &lt;a class=&quot;continue&quot; href=&quot;https:\/\/cp-communication.de\/de\/portfolio-item\/messe-munchen-wertekampagne\/&quot;&gt;Continue Reading&lt;span&gt; Messe M\u00fcnchen: Wertekampagne&lt;\/span&gt;&lt;\/a&gt;<\/p>\n\t\t<\/div>\n\t<\/div>\n<\/div>    <\/div>\n\n\n    <div class=\"edgtf-pl-item-inner \">\n\t\t\n<div class=\"edgtf-pli-image\">\n\t<img loading=\"lazy\" decoding=\"async\" width=\"1194\" height=\"660\" src=\"https:\/\/cp-communication.de\/wp-content\/uploads\/2024\/03\/Vorlage-Cases-rundschau-fitfortrade.jpg\" class=\"attachment-full size-full wp-post-image\" alt=\"Auf einem wei\u00dfen Untergrund steht ein Schild mit dem Logo von fit for trade und Informationen zum Wettbewerb, daneben h\u00e4ngt eine Goldmedaille mit orangefarbenem Band, auf der die Inschrift fit for trade Quizrallye 2023 zu sehen ist, im Hintergrund gr\u00fcnes Blatt einer Pflanze und helle Vorh\u00e4nge.\" srcset=\"https:\/\/cp-communication.de\/wp-content\/uploads\/2024\/03\/Vorlage-Cases-rundschau-fitfortrade.jpg 1194w, https:\/\/cp-communication.de\/wp-content\/uploads\/2024\/03\/Vorlage-Cases-rundschau-fitfortrade-300x166.jpg 300w, https:\/\/cp-communication.de\/wp-content\/uploads\/2024\/03\/Vorlage-Cases-rundschau-fitfortrade-1024x566.jpg 1024w, https:\/\/cp-communication.de\/wp-content\/uploads\/2024\/03\/Vorlage-Cases-rundschau-fitfortrade-768x425.jpg 768w\" sizes=\"(max-width: 1194px) 100vw, 1194px\" \/>            <a itemprop=\"url\" class=\"edgtf-pli-link edgtf-block-drag-link\" href=\"https:\/\/cp-communication.de\/de\/portfolio-item\/rundschau-fur-den-lebensmittelhandel-fitfortrade\/\" target=\"_self\"><\/a>\n    <\/div>\n<div class=\"edgtf-pli-text-holder\" style=\"margin-top: 60px;margin-bottom: 50px\">\n\t<div class=\"edgtf-pli-text-wrapper\">\n\t\t<div class=\"edgtf-pli-text\">\n\t\t\t    <h6 itemprop=\"name\" class=\"edgtf-pli-title entry-title\" style=\"text-transform: none\">\n        <a itemprop=\"url\" href=\"https:\/\/cp-communication.de\/de\/portfolio-item\/rundschau-fur-den-lebensmittelhandel-fitfortrade\/\" target=\"_self\">\n            RUNDSCHAU f\u00fcr den Lebensmittelhandel: fitfortrade        <\/a>\n\t<\/h6>\n\n\n\t\t\t\t\t<div class=\"edgtf-pli-category-holder\">\n\t\t\t\t\t\t\t<a itemprop=\"url\" class=\"edgtf-pli-category\" href=\"https:\/\/cp-communication.de\/de\/portfolio-category\/event\/\">Event<\/a>\n\t\t\t\t\t<\/div>\n\t\n\t\t\t\n\t\t\t\t<p itemprop=\"description\" class=\"edgtf-pli-excerpt\">&lt;ul&gt;\r\n    &lt;li&gt;Weiterentwicklung etablierten Nachwuchswettbewerbs&lt;\/li&gt;\r\n    &lt;li&gt;Finale f\u00fcr beste Nachwuchskraft Deutschlands&lt;\/li&gt;\r\n    &lt;li&gt;700 Teilnehmer&lt;\/li&gt;\r\n&lt;\/ul&gt;\r\n&lt;b&gt;Unsere Leistungen:&lt;\/b&gt;\r\n&lt;p&gt;Profilsch\u00e4rfung, teilweise Neukonzeption, Programmplanung, operative Umsetzung, Koordination vor Ort, Abwicklung&lt;\/p&gt;\r\n &lt;a class=&quot;continue&quot; href=&quot;https:\/\/cp-communication.de\/de\/portfolio-item\/rundschau-fur-den-lebensmittelhandel-fitfortrade\/&quot;&gt;Continue Reading&lt;span&gt; RUNDSCHAU f\u00fcr den Lebensmittelhandel: fitfortrade&lt;\/span&gt;&lt;\/a&gt;<\/p>\n\t\t<\/div>\n\t<\/div>\n<\/div>    <\/div>\n\n\n    <div class=\"edgtf-pl-item-inner \">\n\t\t\n<div class=\"edgtf-pli-image\">\n\t<img loading=\"lazy\" decoding=\"async\" width=\"1194\" height=\"660\" src=\"https:\/\/cp-communication.de\/wp-content\/uploads\/2024\/03\/Vorlage-Cases-mueller-60-jahre.jpg\" class=\"attachment-full size-full wp-post-image\" alt=\"Menschen stehen in einem Gesch\u00e4ft vor einem Aufsteller mit der Aufschrift &quot;Mitraten und gewinnen! M\u00fcller Musikquiz mit tollen Preisen&quot;, der einen Mann mit Mikrofon und Sonnenbrille zeigt.\" srcset=\"https:\/\/cp-communication.de\/wp-content\/uploads\/2024\/03\/Vorlage-Cases-mueller-60-jahre.jpg 1194w, https:\/\/cp-communication.de\/wp-content\/uploads\/2024\/03\/Vorlage-Cases-mueller-60-jahre-300x166.jpg 300w, https:\/\/cp-communication.de\/wp-content\/uploads\/2024\/03\/Vorlage-Cases-mueller-60-jahre-1024x566.jpg 1024w, https:\/\/cp-communication.de\/wp-content\/uploads\/2024\/03\/Vorlage-Cases-mueller-60-jahre-768x425.jpg 768w\" sizes=\"(max-width: 1194px) 100vw, 1194px\" \/>            <a itemprop=\"url\" class=\"edgtf-pli-link edgtf-block-drag-link\" href=\"https:\/\/cp-communication.de\/de\/portfolio-item\/muller-promotion-60-jahre\/\" target=\"_self\"><\/a>\n    <\/div>\n<div class=\"edgtf-pli-text-holder\" style=\"margin-top: 60px;margin-bottom: 50px\">\n\t<div class=\"edgtf-pli-text-wrapper\">\n\t\t<div class=\"edgtf-pli-text\">\n\t\t\t    <h6 itemprop=\"name\" class=\"edgtf-pli-title entry-title\" style=\"text-transform: none\">\n        <a itemprop=\"url\" href=\"https:\/\/cp-communication.de\/de\/portfolio-item\/muller-promotion-60-jahre\/\" target=\"_self\">\n            M\u00fcller: Promotion 60 Jahre        <\/a>\n\t<\/h6>\n\n\n\t\t\t\t\t<div class=\"edgtf-pli-category-holder\">\n\t\t\t\t\t\t\t<a itemprop=\"url\" class=\"edgtf-pli-category\" href=\"https:\/\/cp-communication.de\/de\/portfolio-category\/event\/\">Event<\/a>\n\t\t\t\t\t<\/div>\n\t\n\t\t\t\n\t\t\t\t<p itemprop=\"description\" class=\"edgtf-pli-excerpt\">&lt;ul&gt;\r\n    &lt;li&gt;60-j\u00e4hriges Firmenjubil\u00e4um in ganz Deutschland&lt;\/li&gt;\r\n    &lt;li&gt;200.000 Teilnehmer an 900 Aktionstagen&lt;\/li&gt;\r\n    &lt;li&gt;verkaufsaktivierende Roadshow \u00fcber das ganze Jubil\u00e4umsjahr&lt;\/li&gt;\r\n    &lt;li&gt;emotionale Kundenbindung&lt;\/li&gt;\r\n&lt;\/ul&gt;\r\n&lt;b&gt;Unsere Leistungen:&lt;\/b&gt;\r\n&lt;p&gt;Konzeption, Planung und Logistik, Personalhandling inkl. Briefing &amp; Betreuung, Umsetzung aller 900 Aktionen inklusive Vor- und Nachbereitung, Erstellung aller begleitenden Kommunikationsmittel&lt;\/p&gt;\r\n &lt;a class=&quot;continue&quot; href=&quot;https:\/\/cp-communication.de\/de\/portfolio-item\/muller-promotion-60-jahre\/&quot;&gt;Continue Reading&lt;span&gt; M\u00fcller: Promotion 60 Jahre&lt;\/span&gt;&lt;\/a&gt;<\/p>\n\t\t<\/div>\n\t<\/div>\n<\/div>    <\/div>\n\n\t<\/div>\n\t\n\t\n    <\/div>\n<\/div>\t\t<\/div>\n\t\t\t\t<\/div>\n\t\t\t\t<\/div>\n\t\t<div class=\"elementor-element elementor-element-5b65759 e-con-full e-flex e-con e-parent\" data-id=\"5b65759\" data-element_type=\"container\" data-settings=\"{&quot;background_background&quot;:&quot;classic&quot;}\">\n\t\t\t\t<div class=\"elementor-element elementor-element-1aa68688 elementor-widget elementor-widget-heading\" data-id=\"1aa68688\" data-element_type=\"widget\" data-widget_type=\"heading.default\">\n\t\t\t\t<div class=\"elementor-widget-container\">\n\t\t\t<h2 class=\"elementor-heading-title elementor-size-default\"><i style=\"font-weight:500;\">Unser Event-Expertenteam <\/i> BER\u00c4T SIE GERN.<\/h2>\t\t<\/div>\n\t\t\t\t<\/div>\n\t\t\t\t<\/div>\n\t\t<div class=\"elementor-element elementor-element-50446b8 e-con-full e-flex e-con e-parent\" data-id=\"50446b8\" data-element_type=\"container\" data-settings=\"{&quot;background_background&quot;:&quot;classic&quot;}\">\n\t\t\t\t<div class=\"elementor-element elementor-element-26a8105a elementor-widget elementor-widget-qi_addons_for_elementor_section_title\" data-id=\"26a8105a\" data-element_type=\"widget\" data-widget_type=\"qi_addons_for_elementor_section_title.default\">\n\t\t\t\t<div class=\"elementor-widget-container\">\n\t\t\t<div class=\"qodef-shortcode qodef-m  qodef-qi-section-title  qodef-decoration--italic  qodef-link--underline-draw qodef-subtitle-icon--left\">\n\t\t\t\t\t\t\t\t\t<div class=\"qodef-m-button qodef-qi-clear\">\n\t\t<a class=\"qodef-shortcode qodef-m  qodef-qi-button qodef-html--link qodef-layout--filled qodef-type--standard qodef-size--large  qodef-icon--right qodef-hover--icon-move-horizontal-short     \" href=\"https:\/\/cp-communication.de\/kontakt\/\" target=\"_self\">\t<span class=\"qodef-m-text\">Kontakt<\/span>\t<\/a>\t<\/div>\n<\/div>\n\t\t<\/div>\n\t\t\t\t<\/div>\n\t\t\t\t<\/div>\n\t\t\t\t<\/div>\n\t\t","protected":false},"excerpt":{"rendered":"<p>EVENT Veranstaltungen, die begeistern Full-Service f\u00fcr Ihre Events Professionelle Unterst\u00fctzung beim Kick-off, passende Speaker f\u00fcrs Panel oder ein durchdachtes Gesamtkonzept gesucht? Was auch immer Ihr Event zum Erfolg braucht, wir machen\u2019s m\u00f6glich: f\u00fcr PoS-\/Promotions, Konferenzen, Galaveranstaltungen, Jahresauftaktveranstaltungen, Mitarbeiterevents u.v.m. Eventkonzept,&hellip; <a class=\"continue\" href=\"https:\/\/cp-communication.de\/de\/portfolio-item\/muller-promotion-60-jahre\/\">Continue Reading<span> M\u00fcller: Promotion 60 Jahre<\/span><\/a> <a class=\"continue\" href=\"https:\/\/cp-communication.de\/de\/portfolio-item\/muller-promotion-60-jahre\/\">Continue Reading<span> M\u00fcller: Promotion 60 Jahre<\/span><\/a><\/p>\n","protected":false},"author":5,"featured_media":0,"parent":0,"menu_order":0,"comment_status":"closed","ping_status":"closed","template":"full-width.php","meta":{"rank_math_lock_modified_date":false,"footnotes":""},"class_list":["post-6601","page","type-page","status-publish","hentry"],"_links":{"self":[{"href":"https:\/\/cp-communication.de\/de\/wp-json\/wp\/v2\/pages\/6601","targetHints":{"allow":["GET"]}}],"collection":[{"href":"https:\/\/cp-communication.de\/de\/wp-json\/wp\/v2\/pages"}],"about":[{"href":"https:\/\/cp-communication.de\/de\/wp-json\/wp\/v2\/types\/page"}],"author":[{"embeddable":true,"href":"https:\/\/cp-communication.de\/de\/wp-json\/wp\/v2\/users\/5"}],"replies":[{"embeddable":true,"href":"https:\/\/cp-communication.de\/de\/wp-json\/wp\/v2\/comments?post=6601"}],"version-history":[{"count":0,"href":"https:\/\/cp-communication.de\/de\/wp-json\/wp\/v2\/pages\/6601\/revisions"}],"wp:attachment":[{"href":"https:\/\/cp-communication.de\/de\/wp-json\/wp\/v2\/media?parent=6601"}],"curies":[{"name":"wp","href":"https:\/\/api.w.org\/{rel}","templated":true}]}}