{"id":7761,"date":"2026-05-02T19:24:17","date_gmt":"2026-05-02T17:24:17","guid":{"rendered":"https:\/\/cp-communication.de\/?page_id=7761"},"modified":"2026-05-07T16:09:11","modified_gmt":"2026-05-07T14:09:11","slug":"art-director-m-w-d","status":"publish","type":"page","link":"https:\/\/cp-communication.de\/de\/art-director-m-w-d\/","title":{"rendered":"ART DIRECTOR (M\/W\/D)"},"content":{"rendered":"\t\t<div data-elementor-type=\"wp-page\" data-elementor-id=\"7761\" class=\"elementor elementor-7761\" data-elementor-post-type=\"page\">\n\t\t\t\t<div class=\"elementor-element elementor-element-b8a6073 e-con-full e-flex e-con e-parent\" data-id=\"b8a6073\" data-element_type=\"container\">\n\t\t<div class=\"elementor-element elementor-element-402da92a e-con-full e-flex e-con e-child\" data-id=\"402da92a\" data-element_type=\"container\">\n\t\t\t\t<div class=\"elementor-element elementor-element-44140b09 elementor-widget elementor-widget-image\" data-id=\"44140b09\" data-element_type=\"widget\" data-widget_type=\"image.default\">\n\t\t\t\t<div class=\"elementor-widget-container\">\n\t\t\t\t\t\t\t\t\t\t\t\t\t<img fetchpriority=\"high\" decoding=\"async\" width=\"1806\" height=\"604\" src=\"https:\/\/cp-communication.de\/wp-content\/uploads\/2024\/03\/Vorlage-Header-klein-1-1.jpg\" class=\"attachment-full size-full wp-image-6386\" alt=\"Schwarz-wei\u00df-Foto einer Leuchtschrift mit dem Text DO WHAT YOU LOVE in verschn\u00f6rkelten Buchstaben.\" srcset=\"https:\/\/cp-communication.de\/wp-content\/uploads\/2024\/03\/Vorlage-Header-klein-1-1.jpg 1806w, https:\/\/cp-communication.de\/wp-content\/uploads\/2024\/03\/Vorlage-Header-klein-1-1-300x100.jpg 300w, https:\/\/cp-communication.de\/wp-content\/uploads\/2024\/03\/Vorlage-Header-klein-1-1-1024x342.jpg 1024w, https:\/\/cp-communication.de\/wp-content\/uploads\/2024\/03\/Vorlage-Header-klein-1-1-768x257.jpg 768w, https:\/\/cp-communication.de\/wp-content\/uploads\/2024\/03\/Vorlage-Header-klein-1-1-1536x514.jpg 1536w\" sizes=\"(max-width: 1806px) 100vw, 1806px\" \/>\t\t\t\t\t\t\t\t\t\t\t\t\t<\/div>\n\t\t\t\t<\/div>\n\t\t\t\t<\/div>\n\t\t<div class=\"elementor-element elementor-element-3cc9f9b5 e-con-full e-flex e-con e-child\" data-id=\"3cc9f9b5\" data-element_type=\"container\">\n\t\t\t\t<div class=\"elementor-element elementor-element-5a80565 elementor-widget elementor-widget-heading\" data-id=\"5a80565\" data-element_type=\"widget\" data-widget_type=\"heading.default\">\n\t\t\t\t<div class=\"elementor-widget-container\">\n\t\t\t<h2 class=\"elementor-heading-title elementor-size-default\">ART DIRECTOR (M\/W\/D)<\/h2>\t\t<\/div>\n\t\t\t\t<\/div>\n\t\t\t\t<\/div>\n\t\t\t\t<\/div>\n\t\t<div class=\"elementor-element elementor-element-7c4e589 e-con-full e-flex e-con e-parent\" data-id=\"7c4e589\" data-element_type=\"container\" data-settings=\"{&quot;background_background&quot;:&quot;classic&quot;}\">\n\t\t\t\t<div class=\"elementor-element elementor-element-4df545a elementor-widget elementor-widget-html\" data-id=\"4df545a\" data-element_type=\"widget\" data-widget_type=\"html.default\">\n\t\t\t\t<div class=\"elementor-widget-container\">\n\t\t\t<div class=\"elementor-element elementor-element-9af1708 elementor-widget elementor-widget-qi_addons_for_elementor_section_title\" data-id=\"9af1708\" data-element_type=\"widget\" data-widget_type=\"qi_addons_for_elementor_section_title.default\">\n                <div class=\"elementor-widget-container\">\n            <div class=\"qodef-shortcode qodef-m  qodef-qi-section-title  qodef-decoration--italic  qodef-link--underline-draw qodef-subtitle-icon--left\">\n                                <div class=\"qodef-m-text\">\n<p><span style=\"color: #ffffff\"><strong>DEIN DESIGN MACHT DEN UNTERSCHIED.<\/strong><\/span><\/p>\n<p><span>WIR SUCHEN ZUM N\u00c4CHSTM\u00d6GLICHEN TERMIN EINEN<\/a><\/span><\/p>\n<p><span style=\"color: #ffffff\"><strong>ART DIRECTOR (M\/W\/D)<\/strong><\/span><\/p>\n<p><span style=\"color: #ffffff\">\u2013 in Festanstellung (Vollzeit oder Teilzeit)<\/span><\/p>\n<p>&nbsp;<\/p>\n<p><span style=\"color: #ffffff\">Kreativ und kundenorientiert. Verl\u00e4sslich und gestalterisch sicher. Genau das suchen wir. Was Dich bei uns erwartet? Anspruchsvolle Projekte f\u00fcr Konzernkunden und Mittelst\u00e4ndler, hochwertige Magazinproduktionen, Corporate Publishing und ganzheitliche Kampagnen \u2013 und ein starkes, kreatives Team, das Hand in Hand arbeitet. Bei uns bist Du nicht \u201eeine:r von vielen\u201c. Auf jeden Einzelnen kommt es an.<\/span><\/p>\n<p><span style=\"color: #ffffff\"><strong><br>Was wir Dir bieten:<\/strong><\/span><\/p>\n<ul>\n<li><span style=\"color: #ffffff\"><strong>Vielseitiges Portfolio:<\/strong> Du gestaltest das gesamte Spektrum moderner Kommunikation \u2013 mit starkem Fokus auf hochwertige Magazinproduktionen, Corporate Publishing und ganzheitliche Kampagnen.<\/span><\/li>\n<li><span style=\"color: #ffffff\"><strong>Moderne Arbeitskultur:<\/strong> Wir vertrauen auf Ergebnisse. Daher sind 80% Homeoffice sowie eine \u2013 im Rahmen der Projektanforderungen \u2013 flexible Zeiteinteilung bei uns gelebte Praxis.<\/span><\/li>\n<li><span style=\"color: #ffffff\"><strong>Verantwortung:<\/strong> Viel Raum f\u00fcr Eigeninitiative, eigenverantwortliches Arbeiten und absolute Bewegungsfreiheit in Deinem Fachbereich. Bei uns werden Aufgaben und Projekte klar verantwortet, statt doppelt bearbeitet \u2013 denn wir wissen: Gute Gestaltung entsteht dort, wo Vertrauen, Klarheit und Verantwortung zusammenkommen.<\/span><\/li>\n<li><span style=\"color: #ffffff\"><strong>Teamspirit:<\/strong> Wir sind ein starkes, kreatives Team, bei dem es auf jeden Einzelnen ankommt. Einsatz, Ideen und Ergebnisse werden bei uns gesehen, wertgesch\u00e4tzt und gemeinsam gefeiert.<\/span><\/li>\n<li><span style=\"color: #ffffff\"><strong>Perspektive:<\/strong> Ein unbefristetes Arbeitsverh\u00e4ltnis mit attraktiven Konditionen und echtem Fokus auf Deine berufliche Weiterentwicklung.<\/span><\/li>\n<\/ul>\n<p><span style=\"color: #ffffff\"><strong><br>Deine Aufgaben:<\/strong><\/span><\/p>\n<ul>\n<li><span style=\"color: #ffffff\"><strong>Visuelle Konzeption:<\/strong> Du entwickelst kreative Leitideen und machst Marken visuell erlebbar.<\/span><\/li>\n<li><span style=\"color: #ffffff\"><strong>Design & Umsetzung:<\/strong> Du begleitest den Prozess ganzheitlich \u2013 von der ersten Gestaltungsidee bis zur druckreifen Reinzeichnung.<\/span><\/li>\n<li><span style=\"color: #ffffff\"><strong>Creative Sparring:<\/strong> Du bist Impulsgeber f\u00fcr das Team und gehst Aufgaben proaktiv und l\u00f6sungsorientiert an.<\/span><\/li>\n<li><span style=\"color: #ffffff\"><strong>Medien\u00fcbergreifendes Denken:<\/strong> Du bist sicher in der Konzeption f\u00fcr klassische Medien wie Print, hast aber ebenso Lust darauf, Konzepte f\u00fcr Digital und Motion weiterzudenken.<\/span><\/li>\n<li><span style=\"color: #ffffff\"><strong>Kunden-Fit:<\/strong> Du begleitest unsere Kunden gestalterisch so sicher, dass sie sich und ihre Marke bei uns jederzeit bestens aufgehoben f\u00fchlen.<\/span><\/li>\n<\/ul>\n<p><span style=\"color: #ffffff\"><strong><br>Anforderungen:<\/strong><\/span><\/p>\n<ul>\n<li><span style=\"color: #ffffff\"><strong>Background:<\/strong> Abgeschlossenes Studium im Bereich Kommunikationsdesign \/ Mediendesign oder eine vergleichbare Qualifikation.<\/span><\/li>\n<li><span style=\"color: #ffffff\"><strong>Erfahrung:<\/strong> Du verf\u00fcgst \u00fcber mehrj\u00e4hrige Erfahrung im Agenturumfeld und eine hohe gestalterische Sicherheit (insbesondere im Editorial- und Print-Bereich).<\/span><\/li>\n<li><span style=\"color: #ffffff\"><strong>Tools:<\/strong> Die Tools der Adobe Creative Cloud beherrschst Du sicher; Keynote und MS Office geh\u00f6ren ebenfalls dazu.<\/span><\/li>\n<li><span style=\"color: #ffffff\"><strong>Lust auf Neues:<\/strong> Du bist neugierig und experimentierfreudig, was neue Tools (z. B. KI-Unterst\u00fctzung) und moderne Workflows angeht.<\/span><\/li>\n<li><span style=\"color: #ffffff\"><strong>Mindset:<\/strong> Du arbeitest inhaltlich fundiert, strukturiert und hast einen hohen Anspruch an die Qualit\u00e4t Deiner Entw\u00fcrfe.<\/span><\/li>\n<li><span style=\"color: #ffffff\"><strong>Kommunikation:<\/strong> Du bist teamf\u00e4hig und verf\u00fcgst \u00fcber sehr gute Deutschkenntnisse sowie gute Englischkenntnisse f\u00fcr den Agenturalltag.<\/span><\/li>\n<\/ul>\n<p><span style=\"color: #ffffff\"><strong>&nbsp;<\/strong><\/span><\/p>\n<p><span style=\"color: #ffffff\"><strong>LOS GEHT\u2019S:<\/strong> Wir freuen uns auf Deine Bewerbung inklusive Portfolio mit dem Vermerk <strong>Art Director<\/strong> an <a id=\"menur21f\" class=\"fui-Link ___1q1shib f2hkw1w f3rmtva f1ewtqcl fyind8e f1k6fduh f1w7gpdv fk6fouc fjoy568 figsok6 f1s184ao f1mk8lai fnbmjn9 f1o700av f13mvf36 f1cmlufx f9n3di6 f1ids18y f1tx3yz7 f1deo86v f1eh06m1 f1iescvh fhgqx19 f1olyrje f1p93eir f1nev41a f1h8hb77 f1lqvz6u f10aw75t fsle3fq f17ae5zn\" style=\"color: rgb(255, 255, 255); text-decoration: underline;\" href=\"mailto:jobs@cp-communication.de\" rel=\"noreferrer noopener\">jobs@cp-communication.de<\/a><\/span><\/p>\n<p><span style=\"color: #ffffff\">Besonders spannend f\u00fcr uns: Arbeitsproben, die Deine Konzeptst\u00e4rke, Dein Gesp\u00fcr f\u00fcr Editorial Design und Deine Sicherheit in der Umsetzung zeigen.<\/span><\/p>\n<p>&nbsp;<\/p>\n<p>Datenschutz: Mit der Zusendung Deiner Bewerbung erkl\u00e4rst Du Dich mit der Verarbeitung Deiner Daten im Rahmen des Bewerbungsprozesses einverstanden. Unsere Datenschutzhinweise findest Du <span style=\"text-decoration: underline\"><a style=\"color: white;text-decoration: underline\" href=\"https:\/\/cp-communication.de\/de\/datenschutz\/\">hier<\/a><\/span>.<\/p>\n                <\/div>\n            <\/div>\n        <\/div>\n    <\/div>\t\t<\/div>\n\t\t\t\t<\/div>\n\t\t\t\t<div class=\"elementor-element elementor-element-9af1708 elementor-widget elementor-widget-qi_addons_for_elementor_section_title\" data-id=\"9af1708\" data-element_type=\"widget\" data-widget_type=\"qi_addons_for_elementor_section_title.default\">\n\t\t\t\t<div class=\"elementor-widget-container\">\n\t\t\t<div class=\"qodef-shortcode qodef-m  qodef-qi-section-title  qodef-decoration--italic  qodef-link--underline-draw qodef-subtitle-icon--left\">\n\t\t\t\t\t\t\t\t<\/div>\n\t\t<\/div>\n\t\t\t\t<\/div>\n\t\t\t\t<\/div>\n\t\t\t\t<\/div>\n\t\t","protected":false},"excerpt":{"rendered":"<p>ART DIRECTOR (M\/W\/D) DEIN DESIGN MACHT DEN UNTERSCHIED. WIR SUCHEN ZUM N\u00c4CHSTM\u00d6GLICHEN TERMIN EINEN ART DIRECTOR (M\/W\/D) \u2013 in Festanstellung (Vollzeit oder Teilzeit) &nbsp; Kreativ und kundenorientiert. Verl\u00e4sslich und gestalterisch sicher. Genau das suchen wir. Was Dich bei uns erwartet?&hellip; <a class=\"continue\" href=\"https:\/\/cp-communication.de\/de\/art-director-m-w-d\/\">Continue Reading<span> ART DIRECTOR (M\/W\/D)<\/span><\/a><\/p>\n","protected":false},"author":5,"featured_media":0,"parent":0,"menu_order":0,"comment_status":"closed","ping_status":"closed","template":"full-width.php","meta":{"rank_math_lock_modified_date":false,"footnotes":""},"class_list":["post-7761","page","type-page","status-publish","hentry"],"_links":{"self":[{"href":"https:\/\/cp-communication.de\/de\/wp-json\/wp\/v2\/pages\/7761","targetHints":{"allow":["GET"]}}],"collection":[{"href":"https:\/\/cp-communication.de\/de\/wp-json\/wp\/v2\/pages"}],"about":[{"href":"https:\/\/cp-communication.de\/de\/wp-json\/wp\/v2\/types\/page"}],"author":[{"embeddable":true,"href":"https:\/\/cp-communication.de\/de\/wp-json\/wp\/v2\/users\/5"}],"replies":[{"embeddable":true,"href":"https:\/\/cp-communication.de\/de\/wp-json\/wp\/v2\/comments?post=7761"}],"version-history":[{"count":10,"href":"https:\/\/cp-communication.de\/de\/wp-json\/wp\/v2\/pages\/7761\/revisions"}],"predecessor-version":[{"id":7800,"href":"https:\/\/cp-communication.de\/de\/wp-json\/wp\/v2\/pages\/7761\/revisions\/7800"}],"wp:attachment":[{"href":"https:\/\/cp-communication.de\/de\/wp-json\/wp\/v2\/media?parent=7761"}],"curies":[{"name":"wp","href":"https:\/\/api.w.org\/{rel}","templated":true}]}}